{"id":75,"date":"2017-07-06T21:22:34","date_gmt":"2017-07-06T19:22:34","guid":{"rendered":"http:\/\/www.bubmax.ncse.pl\/www4\/?page_id=75"},"modified":"2017-07-06T21:22:34","modified_gmt":"2017-07-06T19:22:34","slug":"kontakt","status":"publish","type":"page","link":"https:\/\/www.bub-max.pl\/?page_id=75","title":{"rendered":"Kontakt"},"content":{"rendered":"<p>Firma Handlowo-Budowlano-Us\u0142ugowa<br \/>\n&#8222;BUB-MAX&#8221;<br \/>\nMicha\u0142 Bubka<\/p>\n<p>ul. Ma\u0142y Krak\u00f3w 58<br \/>\n32-091 Micha\u0142owice<\/p>\n<h2><strong>tel. kom. 602 612 309<\/strong><\/h2>\n","protected":false},"excerpt":{"rendered":"<p>Firma Handlowo-Budowlano-Us\u0142ugowa &#8222;BUB-MAX&#8221; Micha\u0142 Bubka ul. Ma\u0142y Krak\u00f3w 58 32-091 Micha\u0142owice tel. kom. 602 612 309<\/p>\n","protected":false},"author":1,"featured_media":0,"parent":0,"menu_order":0,"comment_status":"closed","ping_status":"closed","template":"","meta":{"footnotes":""},"_links":{"self":[{"href":"https:\/\/www.bub-max.pl\/index.php?rest_route=\/wp\/v2\/pages\/75"}],"collection":[{"href":"https:\/\/www.bub-max.pl\/index.php?rest_route=\/wp\/v2\/pages"}],"about":[{"href":"https:\/\/www.bub-max.pl\/index.php?rest_route=\/wp\/v2\/types\/page"}],"author":[{"embeddable":true,"href":"https:\/\/www.bub-max.pl\/index.php?rest_route=\/wp\/v2\/users\/1"}],"replies":[{"embeddable":true,"href":"https:\/\/www.bub-max.pl\/index.php?rest_route=%2Fwp%2Fv2%2Fcomments&post=75"}],"version-history":[{"count":1,"href":"https:\/\/www.bub-max.pl\/index.php?rest_route=\/wp\/v2\/pages\/75\/revisions"}],"predecessor-version":[{"id":76,"href":"https:\/\/www.bub-max.pl\/index.php?rest_route=\/wp\/v2\/pages\/75\/revisions\/76"}],"wp:attachment":[{"href":"https:\/\/www.bub-max.pl\/index.php?rest_route=%2Fwp%2Fv2%2Fmedia&parent=75"}],"curies":[{"name":"wp","href":"https:\/\/api.w.org\/{rel}","templated":true}]}}