{"id":70,"date":"2017-07-06T21:05:52","date_gmt":"2017-07-06T19:05:52","guid":{"rendered":"http:\/\/www.bubmax.ncse.pl\/www4\/?page_id=70"},"modified":"2017-07-06T21:05:52","modified_gmt":"2017-07-06T19:05:52","slug":"oferta","status":"publish","type":"page","link":"https:\/\/www.bub-max.pl\/?page_id=70","title":{"rendered":"Oferta"},"content":{"rendered":"<div class=\"art-content-layout\">\n<div class=\"art-content-layout-row\">\n<div class=\"art-layout-cell\">\n<h1>Oferujemy us\u0142ugi w zakresie:<\/h1>\n<\/div>\n<\/div>\n<\/div>\n<div class=\"art-content-layout\">\n<div class=\"art-content-layout-row\">\n<div class=\"art-layout-cell\">\n<h3>\u00a0US\u0141UGI TRANSPORTOWE:<\/h3>\n<ul>\n<li>wyw\u00f3z ziemi<\/li>\n<li>wyw\u00f3z gruzu<\/li>\n<li>transport materia\u0142\u00f3w sypkich<\/li>\n<li>transport materia\u0142\u00f3w budowlanych<\/li>\n<li>transport palet<\/li>\n<li>wyw\u00f3z \u015bniegu<\/li>\n<\/ul>\n<h3><\/h3>\n<h3>SPRZEDA\u017b:<\/h3>\n<ul>\n<li>ziemi<\/li>\n<li>gruzu<\/li>\n<li>piasku<\/li>\n<li>\u017cu\u017clu<\/li>\n<li>kostki brukowej<\/li>\n<\/ul>\n<h3>\u00a0OD\u015aNIE\u017bANIE:<\/h3>\n<ul>\n<li>od\u015bnie\u017canie parking\u00f3w<\/li>\n<li>od\u015bnie\u017canie chodnik\u00f3w<\/li>\n<\/ul>\n<h3>\u00a0INNE US\u0141UGI:<\/h3>\n<ul>\n<li>\u00a0us\u0142ugi kopark\u0105<\/li>\n<li>us\u0142ugi koparko-\u0142adowark\u0105<\/li>\n<li>us\u0142ugi wywrotk\u0105<\/li>\n<\/ul>\n<p>.<\/p>\n<\/div>\n<div class=\"art-layout-cell\">\n<h3>WYKOPY:<\/h3>\n<ul>\n<li>wykopy pod fundamenty<\/li>\n<li>wykopy pod instalacje wodno-kanalizacyjn\u0105<\/li>\n<li>roboty ziemne<\/li>\n<li>niwelacja terenu<\/li>\n<li>odwodnienia terenu<\/li>\n<li>monta\u017c szamb<\/li>\n<\/ul>\n<h3>WYBURZENIA:<\/h3>\n<ul>\n<li>kompleksowe wyburzenia<\/li>\n<li>cz\u0119\u015bciowe wyburzenia<\/li>\n<li>k\u0142ucie betonu<\/li>\n<li>rozbi\u00f3rka<\/li>\n<li>demonta\u017c<\/li>\n<\/ul>\n<h3>\u00a0PRACE DROGOWE:<\/h3>\n<ul>\n<li>zamiatanie ulic i chodnik\u00f3w (NOWO\u015a\u0106!)<\/li>\n<li>budowa dr\u00f3g dojazdowych<\/li>\n<li>budowa chodnik\u00f3w<\/li>\n<li>podjazdy<\/li>\n<li>nasypy<\/li>\n<li>brukarstwo<\/li>\n<\/ul>\n<\/div>\n<\/div>\n<\/div>\n<div class=\"art-content-layout\">\n<div class=\"art-content-layout-row\">\n<div class=\"art-layout-cell\">\n<p>Zapraszamy do wsp\u00f3\u0142pracy du\u017ce i \u015brednie przedsi\u0119biorstwa, a tak\u017ce inwestor\u00f3w indywidualnych z Krakowa, okolic Krakowa oraz wojew\u00f3dztwa ma\u0142opolskiego<\/p>\n<\/div>\n<\/div>\n<\/div>\n","protected":false},"excerpt":{"rendered":"<p>Oferujemy us\u0142ugi w zakresie: \u00a0US\u0141UGI TRANSPORTOWE: wyw\u00f3z ziemi wyw\u00f3z gruzu transport materia\u0142\u00f3w sypkich transport materia\u0142\u00f3w budowlanych transport palet wyw\u00f3z \u015bniegu SPRZEDA\u017b: ziemi gruzu piasku \u017cu\u017clu kostki brukowej \u00a0OD\u015aNIE\u017bANIE: od\u015bnie\u017canie parking\u00f3w od\u015bnie\u017canie chodnik\u00f3w \u00a0INNE US\u0141UGI: \u00a0us\u0142ugi kopark\u0105 us\u0142ugi koparko-\u0142adowark\u0105 us\u0142ugi wywrotk\u0105 . WYKOPY: wykopy pod fundamenty wykopy pod instalacje wodno-kanalizacyjn\u0105 roboty ziemne niwelacja terenu odwodnienia terenu [&hellip;]<\/p>\n","protected":false},"author":1,"featured_media":0,"parent":0,"menu_order":0,"comment_status":"closed","ping_status":"closed","template":"","meta":{"footnotes":""},"_links":{"self":[{"href":"https:\/\/www.bub-max.pl\/index.php?rest_route=\/wp\/v2\/pages\/70"}],"collection":[{"href":"https:\/\/www.bub-max.pl\/index.php?rest_route=\/wp\/v2\/pages"}],"about":[{"href":"https:\/\/www.bub-max.pl\/index.php?rest_route=\/wp\/v2\/types\/page"}],"author":[{"embeddable":true,"href":"https:\/\/www.bub-max.pl\/index.php?rest_route=\/wp\/v2\/users\/1"}],"replies":[{"embeddable":true,"href":"https:\/\/www.bub-max.pl\/index.php?rest_route=%2Fwp%2Fv2%2Fcomments&post=70"}],"version-history":[{"count":1,"href":"https:\/\/www.bub-max.pl\/index.php?rest_route=\/wp\/v2\/pages\/70\/revisions"}],"predecessor-version":[{"id":71,"href":"https:\/\/www.bub-max.pl\/index.php?rest_route=\/wp\/v2\/pages\/70\/revisions\/71"}],"wp:attachment":[{"href":"https:\/\/www.bub-max.pl\/index.php?rest_route=%2Fwp%2Fv2%2Fmedia&parent=70"}],"curies":[{"name":"wp","href":"https:\/\/api.w.org\/{rel}","templated":true}]}}