{"id":66,"date":"2017-07-06T20:51:41","date_gmt":"2017-07-06T18:51:41","guid":{"rendered":"http:\/\/www.bubmax.ncse.pl\/www4\/?page_id=66"},"modified":"2022-04-05T08:49:10","modified_gmt":"2022-04-05T06:49:10","slug":"o-nas","status":"publish","type":"page","link":"https:\/\/www.bub-max.pl\/","title":{"rendered":"O nas"},"content":{"rendered":"<p>F.H.B.U. &#8222;BUB-MAX&#8221; dzia\u0142a na rynku od 2000 r. Posiadamy wszelkie uprawnienia i sprzet do \u015bwiadczenia us\u0142ug. Oferujemy wysok\u0105 jako\u015b\u0107 w konkurencyjnych cenach. Zapraszamy do wsp\u00f3\u0142pracy w zakresie:<\/p>\n<ul>\n<li>utwardzanie terenu<\/li>\n<li>transport wywrotkami<\/li>\n<li>prace ziemne<\/li>\n<li>wykopy<\/li>\n<li>kompleksowe wyburzanie<\/li>\n<li>wykopy fundament\u00f3w<\/li>\n<li>nasypy<\/li>\n<li>stabilizacje terenu<\/li>\n<li>budowa dr\u00f3g dojazdowych<\/li>\n<li>budowa parking\u00f3w<\/li>\n<li>ogrodzenia<\/li>\n<li>transport palet<\/li>\n<li>transport materia\u0142\u00f3w budowlanych<\/li>\n<li>sprzeda\u017c materia\u0142\u00f3w budowlanych<\/li>\n<li>k\u0142ucie betonu<\/li>\n<li>zabezpieczenia skarp<\/li>\n<li>monta\u017c szamb<\/li>\n<li>instalacje wodno-kanalizacyjne<\/li>\n<li>odwodnienia terenu<\/li>\n<li>zamiatarka<\/li>\n<li>ziemia ogrodowa<\/li>\n<li>kruszywa<\/li>\n<\/ul>\n<p>Obs\u0142ugujemy du\u017ce budowy, a tak\u017ce indywidualnych inwestor\u00f3w na terenie Krakowa i okolic Krakowa.<\/p>\n<p>Nasz park maszyn to: koparki ko\u0142owe i koparki g\u0105sienicowe, koparko-\u0142adowarki, samochody ci\u0119\u017carowe, wywrotki trzyosiowe, wywrotki czteroosiowe, maszyny do zag\u0119szczania dr\u00f3g-teren\u00f3w.<\/p>\n","protected":false},"excerpt":{"rendered":"<p>F.H.B.U. &#8222;BUB-MAX&#8221; dzia\u0142a na rynku od 2000 r. Posiadamy wszelkie uprawnienia i sprzet do \u015bwiadczenia us\u0142ug. Oferujemy wysok\u0105 jako\u015b\u0107 w konkurencyjnych cenach. Zapraszamy do wsp\u00f3\u0142pracy w zakresie: utwardzanie terenu transport wywrotkami prace ziemne wykopy kompleksowe wyburzanie wykopy fundament\u00f3w nasypy stabilizacje terenu budowa dr\u00f3g dojazdowych budowa parking\u00f3w ogrodzenia transport palet transport materia\u0142\u00f3w budowlanych sprzeda\u017c materia\u0142\u00f3w budowlanych [&hellip;]<\/p>\n","protected":false},"author":1,"featured_media":0,"parent":0,"menu_order":0,"comment_status":"closed","ping_status":"closed","template":"","meta":{"footnotes":""},"_links":{"self":[{"href":"https:\/\/www.bub-max.pl\/index.php?rest_route=\/wp\/v2\/pages\/66"}],"collection":[{"href":"https:\/\/www.bub-max.pl\/index.php?rest_route=\/wp\/v2\/pages"}],"about":[{"href":"https:\/\/www.bub-max.pl\/index.php?rest_route=\/wp\/v2\/types\/page"}],"author":[{"embeddable":true,"href":"https:\/\/www.bub-max.pl\/index.php?rest_route=\/wp\/v2\/users\/1"}],"replies":[{"embeddable":true,"href":"https:\/\/www.bub-max.pl\/index.php?rest_route=%2Fwp%2Fv2%2Fcomments&post=66"}],"version-history":[{"count":3,"href":"https:\/\/www.bub-max.pl\/index.php?rest_route=\/wp\/v2\/pages\/66\/revisions"}],"predecessor-version":[{"id":117,"href":"https:\/\/www.bub-max.pl\/index.php?rest_route=\/wp\/v2\/pages\/66\/revisions\/117"}],"wp:attachment":[{"href":"https:\/\/www.bub-max.pl\/index.php?rest_route=%2Fwp%2Fv2%2Fmedia&parent=66"}],"curies":[{"name":"wp","href":"https:\/\/api.w.org\/{rel}","templated":true}]}}